{"id":8,"date":"2022-07-08T23:38:34","date_gmt":"2022-07-09T02:38:34","guid":{"rendered":"https:\/\/radio3.webunity.com.br\/site\/?page_id=8"},"modified":"2026-04-10T10:48:28","modified_gmt":"2026-04-10T13:48:28","slug":"sobre-nos","status":"publish","type":"page","link":"https:\/\/radioutubeoreiestavoltando.sitetopfm.com.br\/site\/sobre-nos\/","title":{"rendered":"Sobre n\u00f3s"},"content":{"rendered":"\t\t<div data-elementor-type=\"wp-page\" data-elementor-id=\"8\" class=\"elementor elementor-8\">\n\t\t\t\t\t\t<section class=\"elementor-section elementor-top-section elementor-element elementor-element-8682d84 elementor-section-full_width elementor-section-height-default elementor-section-height-default\" data-id=\"8682d84\" data-element_type=\"section\">\n\t\t\t\t\t\t<div class=\"elementor-container elementor-column-gap-no\">\n\t\t\t\t\t<div class=\"elementor-column elementor-col-100 elementor-top-column elementor-element elementor-element-10ddaca\" data-id=\"10ddaca\" data-element_type=\"column\">\n\t\t\t<div class=\"elementor-widget-wrap elementor-element-populated\">\n\t\t\t\t\t\t<div class=\"elementor-element elementor-element-e6f691c elementor-widget elementor-widget-spacer\" data-id=\"e6f691c\" data-element_type=\"widget\" data-widget_type=\"spacer.default\">\n\t\t\t\t<div class=\"elementor-widget-container\">\n\t\t\t<style>\/*! elementor - v3.21.0 - 15-04-2024 *\/\n.elementor-column .elementor-spacer-inner{height:var(--spacer-size)}.e-con{--container-widget-width:100%}.e-con-inner>.elementor-widget-spacer,.e-con>.elementor-widget-spacer{width:var(--container-widget-width,var(--spacer-size));--align-self:var(--container-widget-align-self,initial);--flex-shrink:0}.e-con-inner>.elementor-widget-spacer>.elementor-widget-container,.e-con>.elementor-widget-spacer>.elementor-widget-container{height:100%;width:100%}.e-con-inner>.elementor-widget-spacer>.elementor-widget-container>.elementor-spacer,.e-con>.elementor-widget-spacer>.elementor-widget-container>.elementor-spacer{height:100%}.e-con-inner>.elementor-widget-spacer>.elementor-widget-container>.elementor-spacer>.elementor-spacer-inner,.e-con>.elementor-widget-spacer>.elementor-widget-container>.elementor-spacer>.elementor-spacer-inner{height:var(--container-widget-height,var(--spacer-size))}.e-con-inner>.elementor-widget-spacer.elementor-widget-empty,.e-con>.elementor-widget-spacer.elementor-widget-empty{position:relative;min-height:22px;min-width:22px}.e-con-inner>.elementor-widget-spacer.elementor-widget-empty .elementor-widget-empty-icon,.e-con>.elementor-widget-spacer.elementor-widget-empty .elementor-widget-empty-icon{position:absolute;top:0;bottom:0;left:0;right:0;margin:auto;padding:0;width:22px;height:22px}<\/style>\t\t<div class=\"elementor-spacer\">\n\t\t\t<div class=\"elementor-spacer-inner\"><\/div>\n\t\t<\/div>\n\t\t\t\t<\/div>\n\t\t\t\t<\/div>\n\t\t\t\t<div class=\"elementor-element elementor-element-73999dc elementor-invisible elementor-widget elementor-widget-heading\" data-id=\"73999dc\" data-element_type=\"widget\" data-settings=\"{&quot;_animation&quot;:&quot;fadeInUp&quot;}\" data-widget_type=\"heading.default\">\n\t\t\t\t<div class=\"elementor-widget-container\">\n\t\t\t<style>\/*! elementor - v3.21.0 - 15-04-2024 *\/\n.elementor-heading-title{padding:0;margin:0;line-height:1}.elementor-widget-heading .elementor-heading-title[class*=elementor-size-]>a{color:inherit;font-size:inherit;line-height:inherit}.elementor-widget-heading .elementor-heading-title.elementor-size-small{font-size:15px}.elementor-widget-heading .elementor-heading-title.elementor-size-medium{font-size:19px}.elementor-widget-heading .elementor-heading-title.elementor-size-large{font-size:29px}.elementor-widget-heading .elementor-heading-title.elementor-size-xl{font-size:39px}.elementor-widget-heading .elementor-heading-title.elementor-size-xxl{font-size:59px}<\/style><h2 class=\"elementor-heading-title elementor-size-default\">Quem somos<\/h2>\t\t<\/div>\n\t\t\t\t<\/div>\n\t\t\t\t<div class=\"elementor-element elementor-element-170cdfd elementor-invisible elementor-widget elementor-widget-heading\" data-id=\"170cdfd\" data-element_type=\"widget\" data-settings=\"{&quot;_animation&quot;:&quot;fadeInDown&quot;}\" data-widget_type=\"heading.default\">\n\t\t\t\t<div class=\"elementor-widget-container\">\n\t\t\t<h2 class=\"elementor-heading-title elementor-size-default\">Somos uma emissora de web Radio voltada ao p\u00fablico evang\u00e9lico.<\/h2>\t\t<\/div>\n\t\t\t\t<\/div>\n\t\t\t\t\t<\/div>\n\t\t<\/div>\n\t\t\t\t\t<\/div>\n\t\t<\/section>\n\t\t\t\t<section class=\"elementor-section elementor-top-section elementor-element elementor-element-8eeda12 elementor-section-boxed elementor-section-height-default elementor-section-height-default\" data-id=\"8eeda12\" data-element_type=\"section\">\n\t\t\t\t\t\t<div class=\"elementor-container elementor-column-gap-default\">\n\t\t\t\t\t<div class=\"elementor-column elementor-col-50 elementor-top-column elementor-element elementor-element-7608f85\" data-id=\"7608f85\" data-element_type=\"column\">\n\t\t\t<div class=\"elementor-widget-wrap elementor-element-populated\">\n\t\t\t\t\t\t<div class=\"elementor-element elementor-element-8797462 elementor-invisible elementor-widget elementor-widget-text-editor\" data-id=\"8797462\" data-element_type=\"widget\" data-settings=\"{&quot;_animation&quot;:&quot;fadeInDown&quot;}\" data-widget_type=\"text-editor.default\">\n\t\t\t\t<div class=\"elementor-widget-container\">\n\t\t\t<style>\/*! elementor - v3.21.0 - 15-04-2024 *\/\n.elementor-widget-text-editor.elementor-drop-cap-view-stacked .elementor-drop-cap{background-color:#69727d;color:#fff}.elementor-widget-text-editor.elementor-drop-cap-view-framed .elementor-drop-cap{color:#69727d;border:3px solid;background-color:transparent}.elementor-widget-text-editor:not(.elementor-drop-cap-view-default) .elementor-drop-cap{margin-top:8px}.elementor-widget-text-editor:not(.elementor-drop-cap-view-default) .elementor-drop-cap-letter{width:1em;height:1em}.elementor-widget-text-editor .elementor-drop-cap{float:left;text-align:center;line-height:1;font-size:50px}.elementor-widget-text-editor .elementor-drop-cap-letter{display:inline-block}<\/style>\t\t\t\t<div align=\"justify\"><p>Somos uma webradio voltada ao p\u00fablico evang\u00e9lico e aos que esperam e cr\u00eaem em Deus. Procuramos trazer a verdadeira adora\u00e7\u00e3o a Deus. Aqui voc\u00ea encontra verdadeiros louvores e adora\u00e7\u00e3o ao Senhor.<br \/>Procuramos promover e anunciar o Evangelho Eterno de Jesus Cristo, levando a genu\u00edna Palavra de Deus aos cora\u00e7\u00f5es, instruindo a prepara\u00e7\u00e3o para o Arrebatamento da igreja, pois sabemos que a vinda do Senhor est\u00e1 pr\u00f3xima e a forma que voc\u00ea vive aqui na terra determinar\u00e1 onde voc\u00ea passar\u00e1 a eternidade.<br \/>Ou\u00e7a e compartilhe nossa webradio <br \/>R\u00e1dioutube o Rei Est\u00e1 Voltando.<\/p><p>A nossa radio web atua 24h com sua programa\u00e7\u00e3o. A r\u00e1dio apresenta programas musicais, intercalados com not\u00edcias, hor\u00f3scopo, resumo de novelas, mensagem de f\u00e9 e um programa semanal de humor. No site, informa\u00e7\u00f5es esportivas e os destaques na pol\u00edtica, cultura e utilidade publica de forma forma clara, imparcial e objetiva.<\/p><\/div><div align=\"justify\"><p>Gra\u00e7as ao poder democr\u00e1tico e de\u00a0 alcance mundial da internet, a\u00a0<b>nossa<\/b>\u00a0Web R\u00e1dio amplia todos os limites que uma r\u00e1dio convencional consegue.<\/p><p>Pe\u00e7a a sua musica, envie seu recado, sua sugest\u00e3o, seu evento, sua festa, sua homenagem, sua foto, seu video. Se preferir nos enviar uma informa\u00e7\u00e3o, coloque seu nome, telefone e cidade para darmos o devido credito.<\/p><\/div><p>Obrigado por sua audiencia, onde quer que voce esteja.<br \/>A\u00a0<b>R\u00e1dio Web<\/b>\u00a0\u00e9\u00a0<b>PRA VOCE OUVIR ONDE QUISER!<\/b><\/p>\t\t\t\t\t\t<\/div>\n\t\t\t\t<\/div>\n\t\t\t\t\t<\/div>\n\t\t<\/div>\n\t\t\t\t<div class=\"elementor-column elementor-col-50 elementor-top-column elementor-element elementor-element-7443328\" data-id=\"7443328\" data-element_type=\"column\">\n\t\t\t<div class=\"elementor-widget-wrap elementor-element-populated\">\n\t\t\t\t\t\t<div class=\"elementor-element elementor-element-ee277c0 elementor-widget elementor-widget-google_maps\" data-id=\"ee277c0\" data-element_type=\"widget\" data-widget_type=\"google_maps.default\">\n\t\t\t\t<div class=\"elementor-widget-container\">\n\t\t\t<style>\/*! elementor - v3.21.0 - 15-04-2024 *\/\n.elementor-widget-google_maps .elementor-widget-container{overflow:hidden}.elementor-widget-google_maps .elementor-custom-embed{line-height:0}.elementor-widget-google_maps iframe{height:300px}<\/style>\t\t<div class=\"elementor-custom-embed\">\n\t\t\t<iframe loading=\"lazy\"\n\t\t\t\t\tsrc=\"https:\/\/maps.google.com\/maps?q=%20Alfredo%20Wagner%2C%20Santa%20Catarina&#038;t=m&#038;z=13&#038;output=embed&#038;iwloc=near\"\n\t\t\t\t\ttitle=\" Alfredo Wagner, Santa Catarina\"\n\t\t\t\t\taria-label=\" Alfredo Wagner, Santa Catarina\"\n\t\t\t><\/iframe>\n\t\t<\/div>\n\t\t\t\t<\/div>\n\t\t\t\t<\/div>\n\t\t\t\t\t<\/div>\n\t\t<\/div>\n\t\t\t\t\t<\/div>\n\t\t<\/section>\n\t\t\t\t<section class=\"elementor-section elementor-top-section elementor-element elementor-element-3a5e144 elementor-section-boxed elementor-section-height-default elementor-section-height-default\" data-id=\"3a5e144\" data-element_type=\"section\">\n\t\t\t\t\t\t<div class=\"elementor-container elementor-column-gap-default\">\n\t\t\t\t\t<div class=\"elementor-column elementor-col-100 elementor-top-column elementor-element elementor-element-a4f252d\" data-id=\"a4f252d\" data-element_type=\"column\">\n\t\t\t<div class=\"elementor-widget-wrap elementor-element-populated\">\n\t\t\t\t\t\t<div class=\"elementor-element elementor-element-e77ad3f elementor-invisible elementor-widget elementor-widget-image\" data-id=\"e77ad3f\" data-element_type=\"widget\" data-settings=\"{&quot;_animation&quot;:&quot;fadeInRight&quot;}\" data-widget_type=\"image.default\">\n\t\t\t\t<div class=\"elementor-widget-container\">\n\t\t\t<style>\/*! elementor - v3.21.0 - 15-04-2024 *\/\n.elementor-widget-image{text-align:center}.elementor-widget-image a{display:inline-block}.elementor-widget-image a img[src$=\".svg\"]{width:48px}.elementor-widget-image img{vertical-align:middle;display:inline-block}<\/style>\t\t\t\t\t\t\t\t\t\t<img fetchpriority=\"high\" decoding=\"async\" width=\"768\" height=\"147\" src=\"https:\/\/radioutubeoreiestavoltando.sitetopfm.com.br\/site\/wp-content\/uploads\/2024\/04\/depois-1024x196-1-768x147.webp\" class=\"attachment-medium_large size-medium_large wp-image-862\" alt=\"\" srcset=\"https:\/\/radioutubeoreiestavoltando.sitetopfm.com.br\/site\/wp-content\/uploads\/2024\/04\/depois-1024x196-1-768x147.webp 768w, https:\/\/radioutubeoreiestavoltando.sitetopfm.com.br\/site\/wp-content\/uploads\/2024\/04\/depois-1024x196-1-300x57.webp 300w, https:\/\/radioutubeoreiestavoltando.sitetopfm.com.br\/site\/wp-content\/uploads\/2024\/04\/depois-1024x196-1.webp 1024w\" sizes=\"(max-width: 768px) 100vw, 768px\" \/>\t\t\t\t\t\t\t\t\t\t\t\t\t<\/div>\n\t\t\t\t<\/div>\n\t\t\t\t\t<\/div>\n\t\t<\/div>\n\t\t\t\t\t<\/div>\n\t\t<\/section>\n\t\t\t\t<\/div>\n\t\t","protected":false},"excerpt":{"rendered":"<p>Quem somos Somos uma emissora de web Radio voltada ao p\u00fablico evang\u00e9lico. Somos uma webradio voltada ao p\u00fablico evang\u00e9lico e aos que esperam e cr\u00eaem em Deus. Procuramos trazer a verdadeira adora\u00e7\u00e3o a Deus. Aqui voc\u00ea encontra verdadeiros louvores e adora\u00e7\u00e3o ao Senhor.Procuramos promover e anunciar o Evangelho Eterno de Jesus Cristo, levando a genu\u00edna [&hellip;]<\/p>\n","protected":false},"author":1,"featured_media":0,"parent":0,"menu_order":0,"comment_status":"closed","ping_status":"closed","template":"elementor_header_footer","meta":{"_joinchat":[],"footnotes":""},"_links":{"self":[{"href":"https:\/\/radioutubeoreiestavoltando.sitetopfm.com.br\/site\/wp-json\/wp\/v2\/pages\/8"}],"collection":[{"href":"https:\/\/radioutubeoreiestavoltando.sitetopfm.com.br\/site\/wp-json\/wp\/v2\/pages"}],"about":[{"href":"https:\/\/radioutubeoreiestavoltando.sitetopfm.com.br\/site\/wp-json\/wp\/v2\/types\/page"}],"author":[{"embeddable":true,"href":"https:\/\/radioutubeoreiestavoltando.sitetopfm.com.br\/site\/wp-json\/wp\/v2\/users\/1"}],"replies":[{"embeddable":true,"href":"https:\/\/radioutubeoreiestavoltando.sitetopfm.com.br\/site\/wp-json\/wp\/v2\/comments?post=8"}],"version-history":[{"count":24,"href":"https:\/\/radioutubeoreiestavoltando.sitetopfm.com.br\/site\/wp-json\/wp\/v2\/pages\/8\/revisions"}],"predecessor-version":[{"id":1300,"href":"https:\/\/radioutubeoreiestavoltando.sitetopfm.com.br\/site\/wp-json\/wp\/v2\/pages\/8\/revisions\/1300"}],"wp:attachment":[{"href":"https:\/\/radioutubeoreiestavoltando.sitetopfm.com.br\/site\/wp-json\/wp\/v2\/media?parent=8"}],"curies":[{"name":"wp","href":"https:\/\/api.w.org\/{rel}","templated":true}]}}